{"id":63,"date":"2016-12-13T13:52:26","date_gmt":"2016-12-13T12:52:26","guid":{"rendered":"https:\/\/petitsbouchonsbordeaux.fr\/?page_id=63"},"modified":"2019-01-03T13:29:44","modified_gmt":"2019-01-03T12:29:44","slug":"inscription","status":"publish","type":"page","link":"http:\/\/petitsbouchonsbordeaux.fr\/index.php\/inscription\/","title":{"rendered":"Inscription"},"content":{"rendered":"<div id=\"template-pc__content__page-content__pgPresStand8Content__chapo\" class=\"portal-layout-cell portal-layout-cell-OneColumn-0-0\">\n<div class=\"PContent clearDiv\">\n<div class=\"clearfix interligne2\">\n<p class=\"contribue texte\" style=\"text-align: left;\">Quel que soit le <a title=\"mode d'accueil\" href=\"http:\/\/www.bordeaux.fr\/ebx\/LinkResolverServlet?classofcontent=presentationStandard&amp;id=607\">mode d&#8217;accueil<\/a> pressenti (r\u00e9gulier, occasionnel, collectif, familial, municipal, associatif&#8230;..), vous n&#8217;avez qu&#8217;une seule d\u00e9marche de pr\u00e9inscription \u00e0 effectuer. Il n&#8217;existe en effet qu&#8217;une seule liste d&#8217;attente \u00e0 Bordeaux.<\/p>\n<\/div>\n<\/div>\n<\/div>\n<p id=\"template-pc__content__page-content__pgPresStand8Content__zoom\" class=\"portal-layout-cell portal-layout-cell-OneColumn-1-0\" style=\"text-align: left;\">&nbsp;<strong>Quand ?&nbsp;<\/strong><\/p>\n<div id=\"template-pc__content__page-content__pgPresStand8Content__groupepaves\" class=\"portal-layout-cell portal-layout-cell-OneColumn-2-0\">\n<div class=\"PContent clearDiv\">\n<div class=\"clearfix\">\n<div class=\"interligne2 texte\">\n<div class=\"contribue\">Pour effectuer votre pr\u00e9inscription&nbsp;\u00e0 partir du 4e mois,&nbsp;il vous faudra fournir un justificatif de grossesse.<br \/>\nVous devrez&nbsp;confirmer cette demande d&#8217;inscription \u00e0 la naissance de l&#8217;enfant. Pour les enfants adopt\u00e9s, l&#8217;inscription en cr\u00e8che est possible d\u00e8s r\u00e9ception de la d\u00e9cision d&#8217;attribution de garde en vue de l&#8217;adoption.<\/p>\n<p><strong>Trois voeux&nbsp;<\/strong><br \/>\n<a title=\"La ville de Bordeaux est divis\u00e9e en quatre secteurs.\" href=\"http:\/\/www.bordeaux.fr\/ebx\/LinkResolverServlet?classofcontent=presentationStandard&amp;id=733\">La ville de Bordeaux est divis\u00e9e en quatre secteurs.<\/a>&nbsp;Vous pouvez formuler, une liste de trois choix dans l&#8217;ensemble des quartiers de la ville. La demande d&#8217;inscription \u00e0 une structure associative r\u00e9pond aux m\u00eames crit\u00e8res que les structures municipales.<\/p>\n<\/div>\n<\/div>\n<\/div>\n<p class=\"clearfix modulo1\" style=\"text-align: left;\">\n<div class=\"interligne2\">\n<div class=\"float_right img_right\"><\/div>\n<div class=\"contribue texte\"><strong>Une pr\u00e9inscription o\u00f9 je veux et quand je veux&#8230;<br \/>\n<\/strong>Pour faire enregistrer votre demande, vous devrez vous rendre dans une des permanences de Bordeaux. Les horaires variant d&#8217;un lieu \u00e0 l&#8217;autre, vous avez donc le choix&#8230; du lieu et des horaires ! Chaque famille est re\u00e7ue par un professionnel petite enfance \u00e0 qui elle exprime son choix de garde et fournit les \u00e9l\u00e9ments sp\u00e9cifiques li\u00e9s \u00e0 sa situation familiale et professionnelle.<br \/>\nAttention : aucune pr\u00e9inscription ne sera faite dans les cr\u00e8ches et il vous faut, bien s\u00fbr, r\u00e9sider \u00e0 Bordeaux.<\/div>\n<\/div>\n<div class=\"clearfix modulo1\">\n<div class=\"clearfix\">\n<div class=\"interligne2 texte\">\n<p class=\"contribue\" style=\"text-align: left;\">A c\u00f4t\u00e9 des locaux de <a title=\"la Parent\u00e8le\" href=\"http:\/\/www.bordeaux.fr\/ebx\/LinkResolverServlet?classofcontent=organisme&amp;id=772\">la Parent\u00e8le<\/a>, au Service d&#8217;accueil et d&#8217;information des familles, 2 rue Courpon, 33000 Bordeaux &#8211; T\u00e9l. : 05 56 42 24 43<br \/>\nPermanences :<\/p>\n<ul class=\"puces\">\n<li>t\u00e9l\u00e9phoniques : du lundi au vendredi de 9h00 \u00e0 12h30 et de 14h00 \u00e0 16h30<\/li>\n<li>physiques : le lundi de 9h \u00e0 12h et de 14h \u00e0 17h30, le mercredi de 9h \u00e0 12h et le vendredi de 9h30 \u00e0 12h30 ou sur rendez-vous<\/li>\n<\/ul>\n<p class=\"contribue\" style=\"text-align: left;\">\nLe service Accueil et Accompagnement peut \u00eatre joint par mail <a href=\"mailto:service.accueil@mairie-bordeaux.fr\"><span style=\"color: #0066cc;\">service.accueil@mairie-bordeaux.fr<\/span><\/a>&nbsp;et au <strong>05 56 42 24 43&nbsp;<\/strong>pour des demandes de renseignements ou pour <strong>prendre un rendez-vous <\/strong>si les amplitudes horaires des permanences ne vous conviennent pas.<\/p>\n<\/div>\n<\/div>\n<\/div>\n<\/div>\n<\/div>\n","protected":false},"excerpt":{"rendered":"<p>Quel que soit le mode d&#8217;accueil pressenti (r\u00e9gulier, occasionnel, collectif, familial, municipal, associatif&#8230;..), vous n&#8217;avez qu&#8217;une seule d\u00e9marche de pr\u00e9inscription \u00e0 effectuer. Il n&#8217;existe en effet qu&#8217;une seule liste d&#8217;attente \u00e0 Bordeaux. &nbsp;Quand ?&nbsp; Pour effectuer votre pr\u00e9inscription&nbsp;\u00e0 partir du 4e mois,&nbsp;il vous faudra fournir un justificatif de grossesse. Vous devrez&nbsp;confirmer cette demande d&#8217;inscription \u00e0 la naissance de l&#8217;enfant. Pour les enfants adopt\u00e9s, l&#8217;inscription<\/p>\n<p><a class=\"cta\" href=\"http:\/\/petitsbouchonsbordeaux.fr\/index.php\/inscription\/\">Learn more<\/a><\/p>\n","protected":false},"author":1,"featured_media":0,"parent":0,"menu_order":0,"comment_status":"closed","ping_status":"closed","template":"","meta":{"footnotes":""},"class_list":["post-63","page","type-page","status-publish","hentry"],"_links":{"self":[{"href":"http:\/\/petitsbouchonsbordeaux.fr\/index.php\/wp-json\/wp\/v2\/pages\/63","targetHints":{"allow":["GET"]}}],"collection":[{"href":"http:\/\/petitsbouchonsbordeaux.fr\/index.php\/wp-json\/wp\/v2\/pages"}],"about":[{"href":"http:\/\/petitsbouchonsbordeaux.fr\/index.php\/wp-json\/wp\/v2\/types\/page"}],"author":[{"embeddable":true,"href":"http:\/\/petitsbouchonsbordeaux.fr\/index.php\/wp-json\/wp\/v2\/users\/1"}],"replies":[{"embeddable":true,"href":"http:\/\/petitsbouchonsbordeaux.fr\/index.php\/wp-json\/wp\/v2\/comments?post=63"}],"version-history":[{"count":3,"href":"http:\/\/petitsbouchonsbordeaux.fr\/index.php\/wp-json\/wp\/v2\/pages\/63\/revisions"}],"predecessor-version":[{"id":1908,"href":"http:\/\/petitsbouchonsbordeaux.fr\/index.php\/wp-json\/wp\/v2\/pages\/63\/revisions\/1908"}],"wp:attachment":[{"href":"http:\/\/petitsbouchonsbordeaux.fr\/index.php\/wp-json\/wp\/v2\/media?parent=63"}],"curies":[{"name":"wp","href":"https:\/\/api.w.org\/{rel}","templated":true}]}}