{"id":57,"date":"2016-12-13T13:50:34","date_gmt":"2016-12-13T12:50:34","guid":{"rendered":"https:\/\/petitsbouchonsbordeaux.fr\/?page_id=57"},"modified":"2019-02-19T14:49:02","modified_gmt":"2019-02-19T13:49:02","slug":"projets-danimation","status":"publish","type":"page","link":"http:\/\/petitsbouchonsbordeaux.fr\/index.php\/projets-danimation\/","title":{"rendered":"Projets d&#8217;animation"},"content":{"rendered":"<p style=\"text-align: center;\"><span style=\"color: #3366ff;\"><strong><u>Projet \u00ab&nbsp;Gouter am\u00e9lior\u00e9&nbsp;\u00bb chez les Papillons <\/u><\/strong><strong>(2018-2019)<\/strong><\/span><\/p>\n<p>Cette ann\u00e9e, l\u2019\u00e9quipe des Papillons a d\u00e9cid\u00e9 de mettre en place le projet&nbsp;<strong>\u00ab&nbsp;Go\u00fbter am\u00e9lior\u00e9&nbsp;\u00bb.<\/strong><\/p>\n<p>Ce projet consiste \u00e0 sortir acheter le go\u00fbter avec un petit groupe de 4 enfants et 2 adultes tous <u>les premiers jeudis du mois<\/u>.<\/p>\n<p><strong>O\u00f9&nbsp;?<\/strong><\/p>\n<ul>\n<li>A la boulangerie de l\u2019h\u00f4tel de ville pour le pain<\/li>\n<li>Au monoprix pour les accompagnements (fromage, confiture, chocolat\u2026)<\/li>\n<\/ul>\n<p><strong>Qui&nbsp;?<\/strong><\/p>\n<ul>\n<li>Chaque mois et \u00e0 tour de r\u00f4le, 4 enfants sortiront avec 2 professionnelles<\/li>\n<\/ul>\n<p><strong>Pourquoi&nbsp;?<\/strong><\/p>\n<ul>\n<li>Ce projet a pour but de faire participer les enfants \u00e0 la conception de leur go\u00fbter et de le diversifier<\/li>\n<li>Cette sortie sera l\u2019occasion de passer un moment agr\u00e9able en petit comit\u00e9<\/li>\n<\/ul>\n<h1 style=\"text-align: center;\"><strong>Notre d\u00e9fi : l\u2019\u00e9veil des sens\u2026dans tous les sens !<\/strong><\/h1>\n<ul>\n<li style=\"text-align: left;\">Autour du livre :<\/li>\n<\/ul>\n<p>Lire, \u00e9couter, regarder, apprendre \u00e0 manipuler avec respect : le livre est \u00ab une machine \u00e0 sensations \u00bb !<\/p>\n<p>Nous <strong>empruntons<\/strong> <strong>une soixantaine de livres tous les mois<\/strong> \u00e0 la biblioth\u00e8que de Bordeaux, ce qui permet un renouvellement fr\u00e9quent, et ce, dans chaque section.<\/p>\n<p>1 fois\/mois nous <strong>recevons<\/strong> <strong>la visite d\u2019une biblioth\u00e9caire<\/strong> qui vient lire, chanter, raconter des livres \u00e0 haute voix aux enfants selon des th\u00e8mes choisis ou en fonction des moments de l\u2019ann\u00e9e.<\/p>\n<p>La <strong>\u00ab malle aux livres \u00bb<\/strong> permet aux plus grands de se retrouver dans plusieurs endroits am\u00e9nag\u00e9s confortablement (matelas, coussins, fauteuils\u2026) et de puiser dans la malle des ouvrages \u00e0 lire tout seul, assis, couch\u00e9\u2026 Ils peuvent ensuite en choisir 2 pour emporter \u00e0 la maison.<\/p>\n<ul>\n<li>Autour du langage :<\/li>\n<\/ul>\n<p>Tous les pr\u00e9textes sont bons pour concr\u00e9tiser des id\u00e9es : les saisons, les f\u00eates (No\u00ebl, carnaval, P\u00e2ques\u2026). Et on passe des id\u00e9es aux mots ! Se greffent donc des histoires in\u00e9dites, un nouveau vocabulaire, familier ou plus soutenu, qui va enrichir le \u00ab patrimoine lexical \u00bb de votre enfant.<\/p>\n<p><strong>Boucle d\u2019or<\/strong> : la poup\u00e9e blonde et sa petite valise partent chaque weekend end dans une famille. Elle va y partager chaque instant, commentaires et photos sont consign\u00e9s dans un journal.<\/p>\n<p><strong>Projet b\u00e9b\u00e9 signe<\/strong> : ce mode de communication a \u00e9t\u00e9 pens\u00e9 et mis en place afin de r\u00e9duire les frustrations de communication li\u00e9es \u00e0 l\u2019acquisition de la parole.<\/p>\n<p>Ce projet est g\u00e9n\u00e9ral \u00e0 l\u2019ensemble de la cr\u00e8che.<\/p>\n<p>Selon les diff\u00e9rentes tranches d\u2019\u00e2ge, un vocabulaire cibl\u00e9 est propos\u00e9 aux enfants. R\u00e9guli\u00e8rement, un affichage sp\u00e9cifique est dispos\u00e9 \u00e0 l\u2019entr\u00e9e de chaque section pour pr\u00e9senter de nouveaux signes.<\/p>\n<p>A noter que certains signes sont acquis d\u00e8s la section des oursons, tels que&nbsp;: bonjour, s\u2019il te pla\u00eet, merci, encore, g\u00e2teau \u2026<\/p>\n<ul>\n<li>Autour de la gastronomie<\/li>\n<\/ul>\n<p>Lors de nos journ\u00e9es \u00e0 th\u00e8me sur le voyage, les menus suivent le rythme : fruits exotiques, g\u00e2teau aux carottes, cake au citron, pa\u00ebella, tortilla, tapas, banana-bread\u2026<\/p>\n<p>Nous organisons \u00e9galement des journ\u00e9es couleurs avec menu assorti : journ\u00e9e orange, journ\u00e9e rouge\u2026<\/p>\n<p>Se font aussi des ateliers de d\u00e9couverte des l\u00e9gumes sous leur forme non cuisin\u00e9e.<\/p>\n<p>Nous r\u00e9alisons des g\u00e2teaux, des brochettes de fruits\u2026 avec les enfants. En mettant la \u00ab main \u00e0 la p\u00e2te \u00bb ils deviennent cuisiniers-go\u00fbteurs !<\/p>\n<ul>\n<li>Autour des jeux<\/li>\n<\/ul>\n<p>Nous nous rendons aussi 1fois\/mois \u00e0 la ludoth\u00e8que afin d\u2019y emprunter des jeux en coh\u00e9rence avec les besoins de vos enfants. Ces jeux tournent sur les trois sections.<\/p>\n<p>Tous les jeux et jouets de la cr\u00e8che passent d\u2019une section \u00e0 l\u2019autre : les enfants aiment en effet \u00eatre surpris, et certains grands de 3 ans ont plaisir \u00e0 retrouver des jeux de plus petits.<\/p>\n<p>&nbsp;<\/p>\n<p>&nbsp;<\/p>\n<p>&nbsp;<\/p>\n","protected":false},"excerpt":{"rendered":"<p>Projet \u00ab&nbsp;Gouter am\u00e9lior\u00e9&nbsp;\u00bb chez les Papillons (2018-2019) Cette ann\u00e9e, l\u2019\u00e9quipe des Papillons a d\u00e9cid\u00e9 de mettre en place le projet&nbsp;\u00ab&nbsp;Go\u00fbter am\u00e9lior\u00e9&nbsp;\u00bb. Ce projet consiste \u00e0 sortir acheter le go\u00fbter avec un petit groupe de 4 enfants et 2 adultes tous les premiers jeudis du mois. O\u00f9&nbsp;? A la boulangerie de l\u2019h\u00f4tel de ville pour le pain Au monoprix pour les accompagnements (fromage, confiture, chocolat\u2026)<\/p>\n<p><a class=\"cta\" href=\"http:\/\/petitsbouchonsbordeaux.fr\/index.php\/projets-danimation\/\">Learn more<\/a><\/p>\n","protected":false},"author":1,"featured_media":0,"parent":0,"menu_order":0,"comment_status":"closed","ping_status":"closed","template":"","meta":{"footnotes":""},"class_list":["post-57","page","type-page","status-publish","hentry"],"_links":{"self":[{"href":"http:\/\/petitsbouchonsbordeaux.fr\/index.php\/wp-json\/wp\/v2\/pages\/57","targetHints":{"allow":["GET"]}}],"collection":[{"href":"http:\/\/petitsbouchonsbordeaux.fr\/index.php\/wp-json\/wp\/v2\/pages"}],"about":[{"href":"http:\/\/petitsbouchonsbordeaux.fr\/index.php\/wp-json\/wp\/v2\/types\/page"}],"author":[{"embeddable":true,"href":"http:\/\/petitsbouchonsbordeaux.fr\/index.php\/wp-json\/wp\/v2\/users\/1"}],"replies":[{"embeddable":true,"href":"http:\/\/petitsbouchonsbordeaux.fr\/index.php\/wp-json\/wp\/v2\/comments?post=57"}],"version-history":[{"count":4,"href":"http:\/\/petitsbouchonsbordeaux.fr\/index.php\/wp-json\/wp\/v2\/pages\/57\/revisions"}],"predecessor-version":[{"id":1953,"href":"http:\/\/petitsbouchonsbordeaux.fr\/index.php\/wp-json\/wp\/v2\/pages\/57\/revisions\/1953"}],"wp:attachment":[{"href":"http:\/\/petitsbouchonsbordeaux.fr\/index.php\/wp-json\/wp\/v2\/media?parent=57"}],"curies":[{"name":"wp","href":"https:\/\/api.w.org\/{rel}","templated":true}]}}