{"id":529,"date":"2018-03-21T15:37:09","date_gmt":"2018-03-21T14:37:09","guid":{"rendered":"https:\/\/petitsbouchonsbordeaux.fr\/?page_id=529"},"modified":"2019-01-03T13:29:13","modified_gmt":"2019-01-03T12:29:13","slug":"comment-sinscrire","status":"publish","type":"page","link":"http:\/\/petitsbouchonsbordeaux.fr\/index.php\/comment-sinscrire\/","title":{"rendered":"Comment s&#8217;inscrire ?"},"content":{"rendered":"<div>\n<div id=\"template-pc__content__page-content__pgPresStand8Content__chapo\" class=\"portal-layout-cell portal-layout-cell-OneColumn-0-0\">\n<div class=\"PContent clearDiv\">\n<div>\n<div class=\"texte interligne2\">Quel que soit le&nbsp;<a title=\"mode d'accueil\" href=\"http:\/\/www.bordeaux.fr\/ebx\/LinkResolverServlet?classofcontent=presentationStandard&amp;id=607\">mode d&#8217;accueil<\/a>&nbsp;souhait\u00e9 (r\u00e9gulier, occasionnel, collectif, familial, municipal, associatif&#8230;), vous n&#8217;avez qu&#8217;une seule d\u00e9marche de pr\u00e9inscription \u00e0 effectuer.<\/div>\n<div class=\"texte interligne2\">Il n&#8217;existe en effet qu&#8217;une seule liste d&#8217;attente pour les inscriptions \u00e0 Bordeaux.<\/div>\n<\/div>\n<\/div>\n<\/div>\n<div id=\"template-pc__content__page-content__pgPresStand8Content__zoom\" class=\"portal-layout-cell portal-layout-cell-OneColumn-1-0\">\n<div class=\"PContent clearDiv\"><\/div>\n<div class=\"PContent clearDiv\"><strong>Quand ?&nbsp;<\/strong><\/div>\n<\/div>\n<div id=\"template-pc__content__page-content__pgPresStand8Content__groupepaves\" class=\"portal-layout-cell portal-layout-cell-OneColumn-2-0\">\n<div class=\"PContent clearDiv\">\n<div class=\"clearfix modulo1\">\n<div class=\"clearfix\">\n<div class=\"interligne2 texte\">\n<div class=\"contribue\">Pour effectuer une pr\u00e9inscription, \u00e0 partir du 4e mois.<\/div>\n<div><\/div>\n<div class=\"contribue\"><strong>Trois voeux&nbsp;<\/strong><br \/>\n<a title=\"La ville de Bordeaux est divis\u00e9e en quatre secteurs.\" href=\"http:\/\/www.bordeaux.fr\/ebx\/LinkResolverServlet?classofcontent=presentationStandard&amp;id=733\">La ville de Bordeaux est divis\u00e9e en quatre secteurs.<\/a>&nbsp;Vous pouvez formuler, une liste de trois choix dans l&#8217;ensemble des quartiers de la ville. La demande d&#8217;inscription \u00e0 une structure associative r\u00e9pond aux m\u00eames crit\u00e8res que les structures municipales.<\/div>\n<div><\/div>\n<\/div>\n<\/div>\n<\/div>\n<div class=\"pavRight clearfix modulo1\">\n<div class=\"interligne2\">\n<div class=\"contribue texte\"><strong>Pour toutes questions (accueil, suivi de dossier&#8230;)&nbsp;contacter le service d&#8217;Accueil et Information des Familles&nbsp;Accompagnement des Professionnels (AIFAP)<\/strong>&nbsp;au&nbsp;05 56 42 24 43, de 9h \u00e0 12h30 et de 14h \u00e0 16h30 du lundi au vendredi.<\/div>\n<div class=\"contribue texte\">\n<p><strong>Attention :<\/strong>&nbsp;aucune pr\u00e9inscription ne sera faite dans les cr\u00e8ches.<\/p>\n<\/div>\n<\/div>\n<div>Pour plus d&#8217;informations :&nbsp;&nbsp;<a class=\"liens\" href=\"http:\/\/www.bordeaux.fr\/p609\/inscrire-son-tout-petit\" target=\"_blank\" rel=\"noopener\"><span style=\"color: #0066cc;\">http:\/\/www.bordeaux.fr\/p609\/inscrire-son-tout-petit<\/span><\/a><\/div>\n<\/div>\n<\/div>\n<\/div>\n<\/div>\n","protected":false},"excerpt":{"rendered":"<p>Quel que soit le&nbsp;mode d&#8217;accueil&nbsp;souhait\u00e9 (r\u00e9gulier, occasionnel, collectif, familial, municipal, associatif&#8230;), vous n&#8217;avez qu&#8217;une seule d\u00e9marche de pr\u00e9inscription \u00e0 effectuer. Il n&#8217;existe en effet qu&#8217;une seule liste d&#8217;attente pour les inscriptions \u00e0 Bordeaux. Quand ?&nbsp; Pour effectuer une pr\u00e9inscription, \u00e0 partir du 4e mois. Trois voeux&nbsp; La ville de Bordeaux est divis\u00e9e en quatre secteurs.&nbsp;Vous pouvez formuler, une liste de trois choix dans l&#8217;ensemble<\/p>\n<p><a class=\"cta\" href=\"http:\/\/petitsbouchonsbordeaux.fr\/index.php\/comment-sinscrire\/\">Learn more<\/a><\/p>\n","protected":false},"author":1,"featured_media":0,"parent":0,"menu_order":0,"comment_status":"closed","ping_status":"closed","template":"","meta":{"footnotes":""},"class_list":["post-529","page","type-page","status-publish","hentry"],"_links":{"self":[{"href":"http:\/\/petitsbouchonsbordeaux.fr\/index.php\/wp-json\/wp\/v2\/pages\/529","targetHints":{"allow":["GET"]}}],"collection":[{"href":"http:\/\/petitsbouchonsbordeaux.fr\/index.php\/wp-json\/wp\/v2\/pages"}],"about":[{"href":"http:\/\/petitsbouchonsbordeaux.fr\/index.php\/wp-json\/wp\/v2\/types\/page"}],"author":[{"embeddable":true,"href":"http:\/\/petitsbouchonsbordeaux.fr\/index.php\/wp-json\/wp\/v2\/users\/1"}],"replies":[{"embeddable":true,"href":"http:\/\/petitsbouchonsbordeaux.fr\/index.php\/wp-json\/wp\/v2\/comments?post=529"}],"version-history":[{"count":4,"href":"http:\/\/petitsbouchonsbordeaux.fr\/index.php\/wp-json\/wp\/v2\/pages\/529\/revisions"}],"predecessor-version":[{"id":1904,"href":"http:\/\/petitsbouchonsbordeaux.fr\/index.php\/wp-json\/wp\/v2\/pages\/529\/revisions\/1904"}],"wp:attachment":[{"href":"http:\/\/petitsbouchonsbordeaux.fr\/index.php\/wp-json\/wp\/v2\/media?parent=529"}],"curies":[{"name":"wp","href":"https:\/\/api.w.org\/{rel}","templated":true}]}}