{"id":51,"date":"2016-12-13T13:49:15","date_gmt":"2016-12-13T12:49:15","guid":{"rendered":"https:\/\/petitsbouchonsbordeaux.fr\/?page_id=51"},"modified":"2019-01-03T13:38:29","modified_gmt":"2019-01-03T12:38:29","slug":"projet-social","status":"publish","type":"page","link":"http:\/\/petitsbouchonsbordeaux.fr\/index.php\/projet-social\/","title":{"rendered":"Projet social"},"content":{"rendered":"<p>L\u2019association \u00ab&nbsp;Petits Bouchons&nbsp;\u00bb se situe au 8 rue des palanques, au c\u0153ur du centre ville de Bordeaux.<\/p>\n<p>Dans les ann\u00e9es 90, la municipalit\u00e9 prend conscience de la carence en structures d\u2019accueil de jeunes enfants.<\/p>\n<p>Pour r\u00e9pondre \u00e0 cette n\u00e9cessit\u00e9 \u2013 urgente pour un centre ville aux quartiers commer\u00e7ants- une association envisage la cr\u00e9ation d\u2019une cr\u00e8che halte-garderie.<\/p>\n<p>La cr\u00e8che \u00ab&nbsp;Petits Bouchons&nbsp;\u00bb voit donc le jour gr\u00e2ce \u00e0 la Congr\u00e9gation des S\u0153urs de St Joseph, motiv\u00e9e pour soutenir un tel projet, et qui mettra ses locaux \u00e0 disposition.<\/p>\n<p>Le projet de l\u2019association \u00e9tait d\u2019accueillir TOUS les enfants, de favoriser leur \u00e9panouissement, respecter leur droits (conform\u00e9ment \u00e0 la convention des Nations Unies relative aux droits de l\u2019Enfant, New York 26\/01\/1990), et veiller \u00e0 leur sant\u00e9 et leur bien-\u00eatre.<\/p>\n<p>La cr\u00e8che se donnait alors pour mission d\u2019accompagner \u00ab&nbsp;l\u2019allant-devenant&nbsp;\u00bb de l\u2019enfant vers son \u00e9tat d\u2019adulte, en donnant des rep\u00e8res adapt\u00e9s pour un apprentissage de la vie en soci\u00e9t\u00e9.<\/p>\n<p>Ce projet, tenant compte des \u00e9volutions de la soci\u00e9t\u00e9, est toujours le m\u00eame aujourd\u2019hui.<\/p>\n<p>Depuis 2006, le mode de halte garderie n\u2019existe plus. Reste une cr\u00e8che collective dont l\u2019agr\u00e9ment est de 60 enfants de deux mois et demi \u00e0 4 ans. Les mercredis et vacances scolaires, la cr\u00e8che propose un accueil pour les enfants scolaris\u00e9s de moins de 3 ans.<\/p>\n<p>&nbsp;<\/p>\n","protected":false},"excerpt":{"rendered":"<p>L\u2019association \u00ab&nbsp;Petits Bouchons&nbsp;\u00bb se situe au 8 rue des palanques, au c\u0153ur du centre ville de Bordeaux. Dans les ann\u00e9es 90, la municipalit\u00e9 prend conscience de la carence en structures d\u2019accueil de jeunes enfants. Pour r\u00e9pondre \u00e0 cette n\u00e9cessit\u00e9 \u2013 urgente pour un centre ville aux quartiers commer\u00e7ants- une association envisage la cr\u00e9ation d\u2019une cr\u00e8che halte-garderie. La cr\u00e8che \u00ab&nbsp;Petits Bouchons&nbsp;\u00bb voit donc le jour<\/p>\n<p><a class=\"cta\" href=\"http:\/\/petitsbouchonsbordeaux.fr\/index.php\/projet-social\/\">Learn more<\/a><\/p>\n","protected":false},"author":1,"featured_media":0,"parent":0,"menu_order":0,"comment_status":"closed","ping_status":"closed","template":"","meta":{"footnotes":""},"class_list":["post-51","page","type-page","status-publish","hentry"],"_links":{"self":[{"href":"http:\/\/petitsbouchonsbordeaux.fr\/index.php\/wp-json\/wp\/v2\/pages\/51","targetHints":{"allow":["GET"]}}],"collection":[{"href":"http:\/\/petitsbouchonsbordeaux.fr\/index.php\/wp-json\/wp\/v2\/pages"}],"about":[{"href":"http:\/\/petitsbouchonsbordeaux.fr\/index.php\/wp-json\/wp\/v2\/types\/page"}],"author":[{"embeddable":true,"href":"http:\/\/petitsbouchonsbordeaux.fr\/index.php\/wp-json\/wp\/v2\/users\/1"}],"replies":[{"embeddable":true,"href":"http:\/\/petitsbouchonsbordeaux.fr\/index.php\/wp-json\/wp\/v2\/comments?post=51"}],"version-history":[{"count":3,"href":"http:\/\/petitsbouchonsbordeaux.fr\/index.php\/wp-json\/wp\/v2\/pages\/51\/revisions"}],"predecessor-version":[{"id":1952,"href":"http:\/\/petitsbouchonsbordeaux.fr\/index.php\/wp-json\/wp\/v2\/pages\/51\/revisions\/1952"}],"wp:attachment":[{"href":"http:\/\/petitsbouchonsbordeaux.fr\/index.php\/wp-json\/wp\/v2\/media?parent=51"}],"curies":[{"name":"wp","href":"https:\/\/api.w.org\/{rel}","templated":true}]}}