{"id":422,"date":"2018-02-27T15:07:37","date_gmt":"2018-02-27T14:07:37","guid":{"rendered":"https:\/\/petitsbouchonsbordeaux.fr\/?page_id=422"},"modified":"2025-10-07T13:00:18","modified_gmt":"2025-10-07T11:00:18","slug":"les-actualites-du-mois","status":"publish","type":"page","link":"http:\/\/petitsbouchonsbordeaux.fr\/index.php\/les-actualites-du-mois\/","title":{"rendered":"Les Animations et les sorties"},"content":{"rendered":"<p><strong style=\"color: #800080; font-size: revert;\">Bertrand viendra un vendredi par mois, animer des s\u00e9ances de Yoga pour les Papillons :<\/strong><\/p>\n<ul>\n<li>Le vendredi 10 Octobre 2025<\/li>\n<\/ul>\n<ul>\n<li>Le vendredi 14 Novembre 2025<\/li>\n<li>Le vendredi 12 D\u00e9cembre 2025<\/li>\n<li>Le vendredi 09 Janvier 2026<\/li>\n<li>Le vendredi 06 F\u00e9vrier 2026<\/li>\n<li>Le vendredi 13 Mars 2026<\/li>\n<li style=\"font-weight: 400;\">Le vendredi 03 Avril 2026<\/li>\n<li>Le vendredi 29 Mai 2026<\/li>\n<li>Le vendredi 12 Juin 2026<\/li>\n<\/ul>\n<p><strong style=\"color: #800080; font-size: revert;\">Patricia la biblioth\u00e9caire, interviendra r\u00e9guli\u00e8rement tout au long de l&#8217;ann\u00e9e<\/strong><\/p>\n<div>\u00a0<\/div>\n\n\n<figure><\/figure>\n","protected":false},"excerpt":{"rendered":"<p>Bertrand viendra un vendredi par mois, animer des s\u00e9ances de Yoga pour les Papillons : Le vendredi 10 Octobre 2025 Le vendredi 14 Novembre 2025 Le vendredi 12 D\u00e9cembre 2025 Le vendredi 09 Janvier 2026 Le vendredi 06 F\u00e9vrier 2026 Le vendredi 13 Mars 2026 Le vendredi 03 Avril 2026 Le vendredi 29 Mai 2026 Le vendredi 12 Juin 2026 Patricia la biblioth\u00e9caire, interviendra<\/p>\n<p><a class=\"cta\" href=\"http:\/\/petitsbouchonsbordeaux.fr\/index.php\/les-actualites-du-mois\/\">Learn more<\/a><\/p>\n","protected":false},"author":1,"featured_media":0,"parent":0,"menu_order":0,"comment_status":"closed","ping_status":"closed","template":"","meta":{"footnotes":""},"class_list":["post-422","page","type-page","status-publish","hentry"],"_links":{"self":[{"href":"http:\/\/petitsbouchonsbordeaux.fr\/index.php\/wp-json\/wp\/v2\/pages\/422","targetHints":{"allow":["GET"]}}],"collection":[{"href":"http:\/\/petitsbouchonsbordeaux.fr\/index.php\/wp-json\/wp\/v2\/pages"}],"about":[{"href":"http:\/\/petitsbouchonsbordeaux.fr\/index.php\/wp-json\/wp\/v2\/types\/page"}],"author":[{"embeddable":true,"href":"http:\/\/petitsbouchonsbordeaux.fr\/index.php\/wp-json\/wp\/v2\/users\/1"}],"replies":[{"embeddable":true,"href":"http:\/\/petitsbouchonsbordeaux.fr\/index.php\/wp-json\/wp\/v2\/comments?post=422"}],"version-history":[{"count":52,"href":"http:\/\/petitsbouchonsbordeaux.fr\/index.php\/wp-json\/wp\/v2\/pages\/422\/revisions"}],"predecessor-version":[{"id":7431,"href":"http:\/\/petitsbouchonsbordeaux.fr\/index.php\/wp-json\/wp\/v2\/pages\/422\/revisions\/7431"}],"wp:attachment":[{"href":"http:\/\/petitsbouchonsbordeaux.fr\/index.php\/wp-json\/wp\/v2\/media?parent=422"}],"curies":[{"name":"wp","href":"https:\/\/api.w.org\/{rel}","templated":true}]}}