{"id":41,"date":"2016-12-12T22:28:04","date_gmt":"2016-12-12T21:28:04","guid":{"rendered":"https:\/\/petitsbouchonsbordeaux.fr\/?page_id=41"},"modified":"2020-08-26T13:42:45","modified_gmt":"2020-08-26T11:42:45","slug":"equipe","status":"publish","type":"page","link":"http:\/\/petitsbouchonsbordeaux.fr\/index.php\/equipe\/","title":{"rendered":"L&#8217;Equipe"},"content":{"rendered":"<p>C\u2019est une \u00e9quipe pluridisciplinaire qui intervient au sein de la structure avec le concours de professionnels qualifi\u00e9s de la petite enfance et d\u2019une directrice administrative et financi\u00e8re.<\/p>\n<ul>\n<li>\n<p class=\"m_-3460216495146357569MsoBodyText\" align=\"left\">La directrice administrative et financi\u00e8re repr\u00e9sente le conseil d\u2019administration au sein de la structure. Elle g\u00e8re le budget de fonctionnement de la structure, organise les ressources humaines et\u00a0 repr\u00e9sente la cr\u00e8che devant les institutions partenaires. A l\u2019\u00e9coute des familles, elle est disponible pour r\u00e9pondre \u00e0 toutes questions.<\/p>\n<\/li>\n<li>\n<p class=\"m_-3460216495146357569MsoBodyText\" align=\"left\">L\u2019infirmi\u00e8re pu\u00e9ricultrice responsable assure le suivi m\u00e9dical et p\u00e9dagogique des enfants. Elle est garante du respect des protocoles et assure \u00e9galement l&#8217;encadrement du personnel. Elle est le contact privil\u00e9gi\u00e9 des familles pour toutes les questions concernant la sant\u00e9 et l\u2019\u00e9panouissement de vos enfants.<\/p>\n<\/li>\n<li>\n<p class=\"m_-3460216495146357569MsoBodyText\" align=\"left\">\u00a0La p\u00e9diatre de la cr\u00e8che intervient une fois par semaine. Elle examine les enfants \u00e0 la demande des professionnelles ou des parents. Elle assure \u00e9galement une visite d\u2019admission. Sa fonction est de garantir les conditions d\u2019accueil tant sur le plan de la sant\u00e9, de la s\u00e9curit\u00e9, de l\u2019hygi\u00e8ne, de l\u2019\u00e9veil et du bien-\u00eatre. En cas de besoin, les \u00e9quipes peuvent la joindre par t\u00e9l\u00e9phone.<\/p>\n<\/li>\n<li>\n<p class=\"m_-3460216495146357569MsoBodyText\" align=\"left\">La psychologue intervient deux fois par semaine. Son r\u00f4le est d\u2019observer les enfants, de les accompagner dans leur d\u00e9veloppement. A leur demande, les parents peuvent la rencontrer. Elle a aussi un r\u00f4le aupr\u00e8s des \u00e9quipes afin de les accompagner dans la prise en charge des groupes d\u2019enfants.<\/p>\n<\/li>\n<li>\n<p class=\"m_-3460216495146357569MsoBodyText\" align=\"left\">L\u2019infirmi\u00e8re intervient sur l\u2019ensemble des sections. Sa fonction est de veiller \u00e0 la sant\u00e9, l\u2019\u00e9veil et la s\u00e9curit\u00e9 des enfants. Elle accompagne les \u00e9tudiants stagiaires et assure le protocole de continuit\u00e9 de fonction de direction en l\u2019absence de la pu\u00e9ricultrice.<\/p>\n<\/li>\n<li>\n<p class=\"m_-3460216495146357569MsoBodyText\" align=\"left\">Les \u00e9ducatrices de jeunes enfants coordonnent les activit\u00e9s et l\u2019organisation des sections. Outre cette fonction aupr\u00e8s des enfants, elles ont un r\u00f4le aupr\u00e8s des familles (\u00e9coute, soutien) et envers leur coll\u00e8gues (favoriser le lien, dynamiser les initiatives\u2026)<\/p>\n<\/li>\n<li>\n<p class=\"m_-3460216495146357569MsoBodyText\" align=\"left\">Auxiliaires de pu\u00e9riculture et CAP Petite Enfance sont au quotidien aupr\u00e8s de vos enfants. Elles les accompagnent dans l\u2019acquisition de l\u2019autonomie. Leurs connaissances et leurs observations leur permettent de r\u00e9pondre au plus juste aux besoins de vos enfants, tout en assurant leur bien-\u00eatre en toute s\u00e9curit\u00e9. Ces professionnelles sont vos interlocutrices privil\u00e9gi\u00e9es au moment des transmissions du soir pour vous rendre compte de la journ\u00e9e de votre enfant.<\/p>\n<\/li>\n<li>\n<p class=\"m_-3460216495146357569MsoBodyText\" align=\"left\">Un agent d\u2019entretien participe \u00e0 l\u2019hygi\u00e8ne des locaux et du linge. Une soci\u00e9t\u00e9 de nettoyage intervient \u00e0 la fermeture de la cr\u00e8che chaque soir;<\/p>\n<\/li>\n<li>\n<p class=\"m_-3460216495146357569MsoBodyText\" align=\"left\">Tout au long de l\u2019ann\u00e9e, des \u00e9tudiants sont accueillis. Un message \u00e0 l\u2019entr\u00e9e de la section vous pr\u00e9viendra de la dur\u00e9e de leur stage et du dipl\u00f4me pr\u00e9par\u00e9 (CAP Petite Enfance, Auxiliaire de pu\u00e9riculture, Educatrice de jeunes enfants\u2026)<\/p>\n<\/li>\n<li>\n<p class=\"m_-3460216495146357569MsoBodyText\" align=\"left\">Le cuisinier, salari\u00e9 du groupe Dupont Restauration. Il commande ses denr\u00e9es et cuisine lui-m\u00eame sur place les repas, vis\u00e9s au pr\u00e9alable par une di\u00e9t\u00e9ticienne petite enfance et par la pu\u00e9ricultrice de la cr\u00e8che. A l\u2019\u00e9coute de nos demandes, il peut, au jour le jour, modifier les menus, les textures pour un ou plusieurs enfants. Il participe \u00e9galement \u00e0 nos projets\u00a0: pique nique pour les sorties, repas \u00e0 th\u00e8me (journ\u00e9e couleur, semaine espagnole \u2026)<\/p>\n<\/li>\n<\/ul>\n","protected":false},"excerpt":{"rendered":"<p>C\u2019est une \u00e9quipe pluridisciplinaire qui intervient au sein de la structure avec le concours de professionnels qualifi\u00e9s de la petite enfance et d\u2019une directrice administrative et financi\u00e8re. La directrice administrative et financi\u00e8re repr\u00e9sente le conseil d\u2019administration au sein de la structure. Elle g\u00e8re le budget de fonctionnement de la structure, organise les ressources humaines et\u00a0 repr\u00e9sente la cr\u00e8che devant les institutions partenaires. A l\u2019\u00e9coute<\/p>\n<p><a class=\"cta\" href=\"http:\/\/petitsbouchonsbordeaux.fr\/index.php\/equipe\/\">Learn more<\/a><\/p>\n","protected":false},"author":1,"featured_media":0,"parent":0,"menu_order":0,"comment_status":"closed","ping_status":"closed","template":"","meta":{"footnotes":""},"class_list":["post-41","page","type-page","status-publish","hentry"],"_links":{"self":[{"href":"http:\/\/petitsbouchonsbordeaux.fr\/index.php\/wp-json\/wp\/v2\/pages\/41","targetHints":{"allow":["GET"]}}],"collection":[{"href":"http:\/\/petitsbouchonsbordeaux.fr\/index.php\/wp-json\/wp\/v2\/pages"}],"about":[{"href":"http:\/\/petitsbouchonsbordeaux.fr\/index.php\/wp-json\/wp\/v2\/types\/page"}],"author":[{"embeddable":true,"href":"http:\/\/petitsbouchonsbordeaux.fr\/index.php\/wp-json\/wp\/v2\/users\/1"}],"replies":[{"embeddable":true,"href":"http:\/\/petitsbouchonsbordeaux.fr\/index.php\/wp-json\/wp\/v2\/comments?post=41"}],"version-history":[{"count":5,"href":"http:\/\/petitsbouchonsbordeaux.fr\/index.php\/wp-json\/wp\/v2\/pages\/41\/revisions"}],"predecessor-version":[{"id":4166,"href":"http:\/\/petitsbouchonsbordeaux.fr\/index.php\/wp-json\/wp\/v2\/pages\/41\/revisions\/4166"}],"wp:attachment":[{"href":"http:\/\/petitsbouchonsbordeaux.fr\/index.php\/wp-json\/wp\/v2\/media?parent=41"}],"curies":[{"name":"wp","href":"https:\/\/api.w.org\/{rel}","templated":true}]}}