{"id":30,"date":"2016-12-12T22:24:52","date_gmt":"2016-12-12T21:24:52","guid":{"rendered":"https:\/\/petitsbouchonsbordeaux.fr\/?page_id=30"},"modified":"2019-01-03T13:38:05","modified_gmt":"2019-01-03T12:38:05","slug":"presentation","status":"publish","type":"page","link":"http:\/\/petitsbouchonsbordeaux.fr\/index.php\/presentation\/","title":{"rendered":"Pr\u00e9sentation de l&#8217;Association"},"content":{"rendered":"<p>La cr\u00e8che \u00ab&nbsp;Petits Bouchons&nbsp;\u00bb est g\u00e9r\u00e9e par une association loi 1901, \u00e0 but non lucratif.<\/p>\n<p>Le personnel encadrant est professionnel dans le domaine de la petite enfance. Celui-ci veillera \u00e0<strong> respecter les besoins fondamentaux des enfants et \u00e0 instaurer avec eux une relation affective stable, chaleureuse et individuelle.<\/strong><\/p>\n<p>La structure dispose d\u2019un agr\u00e9ment pour accueillir 60 enfants \u00e2g\u00e9s &nbsp;de 10 semaines \u00e0 4 ans.<\/p>\n<ul>\n<li>Le type d\u2019accueil de la cr\u00e8che est r\u00e9gulier.<\/li>\n<\/ul>\n<p>L\u2019accueil est <strong>r\u00e9gulier <\/strong>lorsque les besoins sont connus \u00e0 l\u2019avance et sont r\u00e9currents sans dur\u00e9e minimale impos\u00e9e. Les enfants sont connus et inscrits dans la structure selon un contrat \u00e9tabli avec les parents, sur la base d\u2019un nombre d\u2019heures mensuelles, d\u2019un nombre de jours par semaine.<\/p>\n<p>Tout au long de l\u2019accueil de l\u2019enfant, la direction et l\u2019\u00e9quipe privil\u00e9gient la communication et le dialogue avec les parents en vue d\u2019une prise en charge partag\u00e9e et harmonieuse de l\u2019enfant. Les parents peuvent \u00e0 tout moment demander un rendez-vous avec la direction, le m\u00e9decin ou la psychologue de l\u2019\u00e9tablissement. Chaque jour, est donn\u00e9 oralement \u00e0 la personne venant chercher l\u2019enfant, un compte rendu du d\u00e9roulement de la journ\u00e9e.<\/p>\n<p>Par ailleurs l\u2019investissement des parents est encourag\u00e9 au travers&nbsp;:<\/p>\n<ul>\n<li>D\u2019animation de r\u00e9unions destin\u00e9es \u00e0 pr\u00e9senter l\u2019\u00e9tablissement et son projet ou \u00e0 aborder diff\u00e9rents th\u00e8mes concernant la vie de l\u2019enfant \u00e0 la cr\u00e8che<\/li>\n<li>De leur participation aux activit\u00e9s, animations, sorties, f\u00eates organis\u00e9es durant toute l\u2019ann\u00e9e<\/li>\n<li>De leur participation aux assembl\u00e9es g\u00e9n\u00e9rales annuelles et\/ou extraordinaire (cette r\u00e9union est l\u2019occasion des \u00e9lections des membres du Conseil d\u2019Administration)<\/li>\n<\/ul>\n<p>La direction et le Conseil d\u2019Administration sont \u00e0 l\u2019\u00e9coute de toutes suggestions et demandes formul\u00e9es par les parents.<\/p>\n","protected":false},"excerpt":{"rendered":"<p>La cr\u00e8che \u00ab&nbsp;Petits Bouchons&nbsp;\u00bb est g\u00e9r\u00e9e par une association loi 1901, \u00e0 but non lucratif. Le personnel encadrant est professionnel dans le domaine de la petite enfance. Celui-ci veillera \u00e0 respecter les besoins fondamentaux des enfants et \u00e0 instaurer avec eux une relation affective stable, chaleureuse et individuelle. La structure dispose d\u2019un agr\u00e9ment pour accueillir 60 enfants \u00e2g\u00e9s &nbsp;de 10 semaines \u00e0 4 ans.<\/p>\n<p><a class=\"cta\" href=\"http:\/\/petitsbouchonsbordeaux.fr\/index.php\/presentation\/\">Learn more<\/a><\/p>\n","protected":false},"author":1,"featured_media":0,"parent":0,"menu_order":0,"comment_status":"closed","ping_status":"closed","template":"","meta":{"footnotes":""},"class_list":["post-30","page","type-page","status-publish","hentry"],"_links":{"self":[{"href":"http:\/\/petitsbouchonsbordeaux.fr\/index.php\/wp-json\/wp\/v2\/pages\/30","targetHints":{"allow":["GET"]}}],"collection":[{"href":"http:\/\/petitsbouchonsbordeaux.fr\/index.php\/wp-json\/wp\/v2\/pages"}],"about":[{"href":"http:\/\/petitsbouchonsbordeaux.fr\/index.php\/wp-json\/wp\/v2\/types\/page"}],"author":[{"embeddable":true,"href":"http:\/\/petitsbouchonsbordeaux.fr\/index.php\/wp-json\/wp\/v2\/users\/1"}],"replies":[{"embeddable":true,"href":"http:\/\/petitsbouchonsbordeaux.fr\/index.php\/wp-json\/wp\/v2\/comments?post=30"}],"version-history":[{"count":6,"href":"http:\/\/petitsbouchonsbordeaux.fr\/index.php\/wp-json\/wp\/v2\/pages\/30\/revisions"}],"predecessor-version":[{"id":1949,"href":"http:\/\/petitsbouchonsbordeaux.fr\/index.php\/wp-json\/wp\/v2\/pages\/30\/revisions\/1949"}],"wp:attachment":[{"href":"http:\/\/petitsbouchonsbordeaux.fr\/index.php\/wp-json\/wp\/v2\/media?parent=30"}],"curies":[{"name":"wp","href":"https:\/\/api.w.org\/{rel}","templated":true}]}}