{"id":154,"date":"2017-05-04T21:54:41","date_gmt":"2017-05-04T19:54:41","guid":{"rendered":"https:\/\/petitsbouchonsbordeaux.fr\/?page_id=154"},"modified":"2024-04-16T11:57:20","modified_gmt":"2024-04-16T09:57:20","slug":"accueil","status":"publish","type":"page","link":"http:\/\/petitsbouchonsbordeaux.fr\/","title":{"rendered":"Accueil"},"content":{"rendered":"\n<div class=\"wp-block-cb-carousel cb-single-slide\" data-slick=\"{&quot;slidesToShow&quot;:1,&quot;slidesToScroll&quot;:1,&quot;speed&quot;:450,&quot;arrows&quot;:true,&quot;dots&quot;:false,&quot;autoplay&quot;:true,&quot;autoplaySpeed&quot;:4000,&quot;infinite&quot;:false,&quot;responsive&quot;:[{&quot;breakpoint&quot;:769,&quot;settings&quot;:{&quot;slidesToShow&quot;:1,&quot;slidesToScroll&quot;:1}}]}\">\n<div class=\"wp-block-cb-slide\">\n<figure class=\"wp-block-image size-full\"><img loading=\"lazy\" decoding=\"async\" width=\"1000\" height=\"750\" src=\"http:\/\/petitsbouchonsbordeaux.fr\/wp-content\/uploads\/2022\/11\/creche-des-petits-bouchons-bordeaux-DSC02951-1.jpg\" alt=\"creche des petits-bouchons bordeaux\" class=\"wp-image-6405\" srcset=\"http:\/\/petitsbouchonsbordeaux.fr\/wp-content\/uploads\/2022\/11\/creche-des-petits-bouchons-bordeaux-DSC02951-1.jpg 1000w, http:\/\/petitsbouchonsbordeaux.fr\/wp-content\/uploads\/2022\/11\/creche-des-petits-bouchons-bordeaux-DSC02951-1-300x225.jpg 300w, http:\/\/petitsbouchonsbordeaux.fr\/wp-content\/uploads\/2022\/11\/creche-des-petits-bouchons-bordeaux-DSC02951-1-768x576.jpg 768w, http:\/\/petitsbouchonsbordeaux.fr\/wp-content\/uploads\/2022\/11\/creche-des-petits-bouchons-bordeaux-DSC02951-1-628x471.jpg 628w\" sizes=\"auto, (max-width: 1000px) 100vw, 1000px\" \/><\/figure>\n<\/div>\n\n\n\n<div class=\"wp-block-cb-slide\">\n<figure class=\"wp-block-image size-full\"><img loading=\"lazy\" decoding=\"async\" width=\"1000\" height=\"750\" src=\"http:\/\/petitsbouchonsbordeaux.fr\/wp-content\/uploads\/2022\/11\/creche-des-petits-bouchons-bordeaux-DSC02952-1.jpg\" alt=\"creche des petits-bouchons bordeaux\" class=\"wp-image-6406\" srcset=\"http:\/\/petitsbouchonsbordeaux.fr\/wp-content\/uploads\/2022\/11\/creche-des-petits-bouchons-bordeaux-DSC02952-1.jpg 1000w, http:\/\/petitsbouchonsbordeaux.fr\/wp-content\/uploads\/2022\/11\/creche-des-petits-bouchons-bordeaux-DSC02952-1-300x225.jpg 300w, http:\/\/petitsbouchonsbordeaux.fr\/wp-content\/uploads\/2022\/11\/creche-des-petits-bouchons-bordeaux-DSC02952-1-768x576.jpg 768w, http:\/\/petitsbouchonsbordeaux.fr\/wp-content\/uploads\/2022\/11\/creche-des-petits-bouchons-bordeaux-DSC02952-1-628x471.jpg 628w\" sizes=\"auto, (max-width: 1000px) 100vw, 1000px\" \/><\/figure>\n<\/div>\n\n\n\n<div class=\"wp-block-cb-slide\">\n<figure class=\"wp-block-image size-full\"><img loading=\"lazy\" decoding=\"async\" width=\"1000\" height=\"750\" src=\"http:\/\/petitsbouchonsbordeaux.fr\/wp-content\/uploads\/2022\/11\/creche-des-petits-bouchons-bordeaux-DSC02953-1.jpg\" alt=\"creche des petits-bouchons bordeaux\" class=\"wp-image-6407\" srcset=\"http:\/\/petitsbouchonsbordeaux.fr\/wp-content\/uploads\/2022\/11\/creche-des-petits-bouchons-bordeaux-DSC02953-1.jpg 1000w, http:\/\/petitsbouchonsbordeaux.fr\/wp-content\/uploads\/2022\/11\/creche-des-petits-bouchons-bordeaux-DSC02953-1-300x225.jpg 300w, http:\/\/petitsbouchonsbordeaux.fr\/wp-content\/uploads\/2022\/11\/creche-des-petits-bouchons-bordeaux-DSC02953-1-768x576.jpg 768w, http:\/\/petitsbouchonsbordeaux.fr\/wp-content\/uploads\/2022\/11\/creche-des-petits-bouchons-bordeaux-DSC02953-1-628x471.jpg 628w\" sizes=\"auto, (max-width: 1000px) 100vw, 1000px\" \/><\/figure>\n<\/div>\n\n\n\n<div class=\"wp-block-cb-slide\">\n<figure class=\"wp-block-image size-full\"><img loading=\"lazy\" decoding=\"async\" width=\"1000\" height=\"750\" src=\"http:\/\/petitsbouchonsbordeaux.fr\/wp-content\/uploads\/2022\/11\/creche-des-petits-bouchons-bordeaux-DSC02955.jpg\" alt=\"creche des petits-bouchons bordeaux\" class=\"wp-image-6409\" srcset=\"http:\/\/petitsbouchonsbordeaux.fr\/wp-content\/uploads\/2022\/11\/creche-des-petits-bouchons-bordeaux-DSC02955.jpg 1000w, http:\/\/petitsbouchonsbordeaux.fr\/wp-content\/uploads\/2022\/11\/creche-des-petits-bouchons-bordeaux-DSC02955-300x225.jpg 300w, http:\/\/petitsbouchonsbordeaux.fr\/wp-content\/uploads\/2022\/11\/creche-des-petits-bouchons-bordeaux-DSC02955-768x576.jpg 768w, http:\/\/petitsbouchonsbordeaux.fr\/wp-content\/uploads\/2022\/11\/creche-des-petits-bouchons-bordeaux-DSC02955-628x471.jpg 628w\" sizes=\"auto, (max-width: 1000px) 100vw, 1000px\" \/><\/figure>\n<\/div>\n\n\n\n<div class=\"wp-block-cb-slide\">\n<figure class=\"wp-block-image size-full\"><img loading=\"lazy\" decoding=\"async\" width=\"1000\" height=\"750\" src=\"http:\/\/petitsbouchonsbordeaux.fr\/wp-content\/uploads\/2022\/11\/creche-des-petits-bouchons-bordeaux-DSC02956.jpg\" alt=\"creche des petits-bouchons bordeaux\" class=\"wp-image-6410\" srcset=\"http:\/\/petitsbouchonsbordeaux.fr\/wp-content\/uploads\/2022\/11\/creche-des-petits-bouchons-bordeaux-DSC02956.jpg 1000w, http:\/\/petitsbouchonsbordeaux.fr\/wp-content\/uploads\/2022\/11\/creche-des-petits-bouchons-bordeaux-DSC02956-300x225.jpg 300w, http:\/\/petitsbouchonsbordeaux.fr\/wp-content\/uploads\/2022\/11\/creche-des-petits-bouchons-bordeaux-DSC02956-768x576.jpg 768w, http:\/\/petitsbouchonsbordeaux.fr\/wp-content\/uploads\/2022\/11\/creche-des-petits-bouchons-bordeaux-DSC02956-628x471.jpg 628w\" sizes=\"auto, (max-width: 1000px) 100vw, 1000px\" \/><\/figure>\n<\/div>\n\n\n\n<div class=\"wp-block-cb-slide\">\n<figure class=\"wp-block-image size-full\"><img loading=\"lazy\" decoding=\"async\" width=\"1000\" height=\"750\" src=\"http:\/\/petitsbouchonsbordeaux.fr\/wp-content\/uploads\/2022\/11\/creche-des-petits-bouchons-bordeaux-DSC02957.jpg\" alt=\"creche des petits-bouchons bordeaux\" class=\"wp-image-6411\" srcset=\"http:\/\/petitsbouchonsbordeaux.fr\/wp-content\/uploads\/2022\/11\/creche-des-petits-bouchons-bordeaux-DSC02957.jpg 1000w, http:\/\/petitsbouchonsbordeaux.fr\/wp-content\/uploads\/2022\/11\/creche-des-petits-bouchons-bordeaux-DSC02957-300x225.jpg 300w, http:\/\/petitsbouchonsbordeaux.fr\/wp-content\/uploads\/2022\/11\/creche-des-petits-bouchons-bordeaux-DSC02957-768x576.jpg 768w, http:\/\/petitsbouchonsbordeaux.fr\/wp-content\/uploads\/2022\/11\/creche-des-petits-bouchons-bordeaux-DSC02957-628x471.jpg 628w\" sizes=\"auto, (max-width: 1000px) 100vw, 1000px\" \/><\/figure>\n<\/div>\n\n\n\n<div class=\"wp-block-cb-slide\">\n<figure class=\"wp-block-image size-full\"><img loading=\"lazy\" decoding=\"async\" width=\"1000\" height=\"750\" src=\"http:\/\/petitsbouchonsbordeaux.fr\/wp-content\/uploads\/2022\/11\/creche-des-petits-bouchons-bordeaux-DSC02958.jpg\" alt=\"creche des petits-bouchons bordeaux\" class=\"wp-image-6412\" srcset=\"http:\/\/petitsbouchonsbordeaux.fr\/wp-content\/uploads\/2022\/11\/creche-des-petits-bouchons-bordeaux-DSC02958.jpg 1000w, http:\/\/petitsbouchonsbordeaux.fr\/wp-content\/uploads\/2022\/11\/creche-des-petits-bouchons-bordeaux-DSC02958-300x225.jpg 300w, http:\/\/petitsbouchonsbordeaux.fr\/wp-content\/uploads\/2022\/11\/creche-des-petits-bouchons-bordeaux-DSC02958-768x576.jpg 768w, http:\/\/petitsbouchonsbordeaux.fr\/wp-content\/uploads\/2022\/11\/creche-des-petits-bouchons-bordeaux-DSC02958-628x471.jpg 628w\" sizes=\"auto, (max-width: 1000px) 100vw, 1000px\" \/><\/figure>\n<\/div>\n\n\n\n<div class=\"wp-block-cb-slide\">\n<figure class=\"wp-block-image size-full\"><img loading=\"lazy\" decoding=\"async\" width=\"1000\" height=\"750\" src=\"http:\/\/petitsbouchonsbordeaux.fr\/wp-content\/uploads\/2022\/11\/creche-des-petits-bouchons-bordeaux-DSC02959.jpg\" alt=\"creche des petits-bouchons bordeaux\" class=\"wp-image-6413\" srcset=\"http:\/\/petitsbouchonsbordeaux.fr\/wp-content\/uploads\/2022\/11\/creche-des-petits-bouchons-bordeaux-DSC02959.jpg 1000w, http:\/\/petitsbouchonsbordeaux.fr\/wp-content\/uploads\/2022\/11\/creche-des-petits-bouchons-bordeaux-DSC02959-300x225.jpg 300w, http:\/\/petitsbouchonsbordeaux.fr\/wp-content\/uploads\/2022\/11\/creche-des-petits-bouchons-bordeaux-DSC02959-768x576.jpg 768w, http:\/\/petitsbouchonsbordeaux.fr\/wp-content\/uploads\/2022\/11\/creche-des-petits-bouchons-bordeaux-DSC02959-628x471.jpg 628w\" sizes=\"auto, (max-width: 1000px) 100vw, 1000px\" \/><\/figure>\n<\/div>\n\n\n\n<div class=\"wp-block-cb-slide\">\n<figure class=\"wp-block-image size-full\"><img loading=\"lazy\" decoding=\"async\" width=\"1000\" height=\"750\" src=\"http:\/\/petitsbouchonsbordeaux.fr\/wp-content\/uploads\/2022\/11\/creche-des-petits-bouchons-bordeaux-DSC02960.jpg\" alt=\"creche des petits-bouchons bordeaux\" class=\"wp-image-6414\" srcset=\"http:\/\/petitsbouchonsbordeaux.fr\/wp-content\/uploads\/2022\/11\/creche-des-petits-bouchons-bordeaux-DSC02960.jpg 1000w, http:\/\/petitsbouchonsbordeaux.fr\/wp-content\/uploads\/2022\/11\/creche-des-petits-bouchons-bordeaux-DSC02960-300x225.jpg 300w, http:\/\/petitsbouchonsbordeaux.fr\/wp-content\/uploads\/2022\/11\/creche-des-petits-bouchons-bordeaux-DSC02960-768x576.jpg 768w, http:\/\/petitsbouchonsbordeaux.fr\/wp-content\/uploads\/2022\/11\/creche-des-petits-bouchons-bordeaux-DSC02960-628x471.jpg 628w\" sizes=\"auto, (max-width: 1000px) 100vw, 1000px\" \/><\/figure>\n<\/div>\n\n\n\n<div class=\"wp-block-cb-slide\">\n<figure class=\"wp-block-image size-full\"><img loading=\"lazy\" decoding=\"async\" width=\"1000\" height=\"750\" src=\"http:\/\/petitsbouchonsbordeaux.fr\/wp-content\/uploads\/2022\/11\/creche-des-petits-bouchons-bordeaux-DSC02961.jpg\" alt=\"creche des petits-bouchons bordeaux\" class=\"wp-image-6415\" srcset=\"http:\/\/petitsbouchonsbordeaux.fr\/wp-content\/uploads\/2022\/11\/creche-des-petits-bouchons-bordeaux-DSC02961.jpg 1000w, http:\/\/petitsbouchonsbordeaux.fr\/wp-content\/uploads\/2022\/11\/creche-des-petits-bouchons-bordeaux-DSC02961-300x225.jpg 300w, http:\/\/petitsbouchonsbordeaux.fr\/wp-content\/uploads\/2022\/11\/creche-des-petits-bouchons-bordeaux-DSC02961-768x576.jpg 768w, http:\/\/petitsbouchonsbordeaux.fr\/wp-content\/uploads\/2022\/11\/creche-des-petits-bouchons-bordeaux-DSC02961-628x471.jpg 628w\" sizes=\"auto, (max-width: 1000px) 100vw, 1000px\" \/><\/figure>\n<\/div>\n\n\n\n<div class=\"wp-block-cb-slide\">\n<figure class=\"wp-block-image size-full\"><img loading=\"lazy\" decoding=\"async\" width=\"1000\" height=\"750\" src=\"http:\/\/petitsbouchonsbordeaux.fr\/wp-content\/uploads\/2022\/11\/creche-des-petits-bouchons-bordeaux-DSC02962.jpg\" alt=\"creche des petits-bouchons bordeaux\" class=\"wp-image-6416\" srcset=\"http:\/\/petitsbouchonsbordeaux.fr\/wp-content\/uploads\/2022\/11\/creche-des-petits-bouchons-bordeaux-DSC02962.jpg 1000w, http:\/\/petitsbouchonsbordeaux.fr\/wp-content\/uploads\/2022\/11\/creche-des-petits-bouchons-bordeaux-DSC02962-300x225.jpg 300w, http:\/\/petitsbouchonsbordeaux.fr\/wp-content\/uploads\/2022\/11\/creche-des-petits-bouchons-bordeaux-DSC02962-768x576.jpg 768w, http:\/\/petitsbouchonsbordeaux.fr\/wp-content\/uploads\/2022\/11\/creche-des-petits-bouchons-bordeaux-DSC02962-628x471.jpg 628w\" sizes=\"auto, (max-width: 1000px) 100vw, 1000px\" \/><\/figure>\n<\/div>\n\n\n\n<div class=\"wp-block-cb-slide\">\n<figure class=\"wp-block-image size-full\"><img loading=\"lazy\" decoding=\"async\" width=\"1000\" height=\"750\" src=\"http:\/\/petitsbouchonsbordeaux.fr\/wp-content\/uploads\/2022\/11\/creche-des-petits-bouchons-bordeaux-DSC02963.jpg\" alt=\"creche des petits-bouchons bordeaux\" class=\"wp-image-6417\" srcset=\"http:\/\/petitsbouchonsbordeaux.fr\/wp-content\/uploads\/2022\/11\/creche-des-petits-bouchons-bordeaux-DSC02963.jpg 1000w, http:\/\/petitsbouchonsbordeaux.fr\/wp-content\/uploads\/2022\/11\/creche-des-petits-bouchons-bordeaux-DSC02963-300x225.jpg 300w, http:\/\/petitsbouchonsbordeaux.fr\/wp-content\/uploads\/2022\/11\/creche-des-petits-bouchons-bordeaux-DSC02963-768x576.jpg 768w, http:\/\/petitsbouchonsbordeaux.fr\/wp-content\/uploads\/2022\/11\/creche-des-petits-bouchons-bordeaux-DSC02963-628x471.jpg 628w\" sizes=\"auto, (max-width: 1000px) 100vw, 1000px\" \/><\/figure>\n<\/div>\n\n\n\n<div class=\"wp-block-cb-slide\">\n<figure class=\"wp-block-image size-full\"><img loading=\"lazy\" decoding=\"async\" width=\"1000\" height=\"750\" src=\"http:\/\/petitsbouchonsbordeaux.fr\/wp-content\/uploads\/2022\/11\/creche-des-petits-bouchons-bordeaux-DSC02964.jpg\" alt=\"creche des petits-bouchons bordeaux\" class=\"wp-image-6418\" srcset=\"http:\/\/petitsbouchonsbordeaux.fr\/wp-content\/uploads\/2022\/11\/creche-des-petits-bouchons-bordeaux-DSC02964.jpg 1000w, http:\/\/petitsbouchonsbordeaux.fr\/wp-content\/uploads\/2022\/11\/creche-des-petits-bouchons-bordeaux-DSC02964-300x225.jpg 300w, http:\/\/petitsbouchonsbordeaux.fr\/wp-content\/uploads\/2022\/11\/creche-des-petits-bouchons-bordeaux-DSC02964-768x576.jpg 768w, http:\/\/petitsbouchonsbordeaux.fr\/wp-content\/uploads\/2022\/11\/creche-des-petits-bouchons-bordeaux-DSC02964-628x471.jpg 628w\" sizes=\"auto, (max-width: 1000px) 100vw, 1000px\" \/><\/figure>\n<\/div>\n\n\n\n<div class=\"wp-block-cb-slide\">\n<figure class=\"wp-block-image size-full\"><img loading=\"lazy\" decoding=\"async\" width=\"1000\" height=\"750\" src=\"http:\/\/petitsbouchonsbordeaux.fr\/wp-content\/uploads\/2022\/11\/creche-des-petits-bouchons-bordeaux-DSC02965.jpg\" alt=\"creche des petits-bouchons bordeaux\" class=\"wp-image-6419\" srcset=\"http:\/\/petitsbouchonsbordeaux.fr\/wp-content\/uploads\/2022\/11\/creche-des-petits-bouchons-bordeaux-DSC02965.jpg 1000w, http:\/\/petitsbouchonsbordeaux.fr\/wp-content\/uploads\/2022\/11\/creche-des-petits-bouchons-bordeaux-DSC02965-300x225.jpg 300w, http:\/\/petitsbouchonsbordeaux.fr\/wp-content\/uploads\/2022\/11\/creche-des-petits-bouchons-bordeaux-DSC02965-768x576.jpg 768w, http:\/\/petitsbouchonsbordeaux.fr\/wp-content\/uploads\/2022\/11\/creche-des-petits-bouchons-bordeaux-DSC02965-628x471.jpg 628w\" sizes=\"auto, (max-width: 1000px) 100vw, 1000px\" \/><\/figure>\n<\/div>\n\n\n\n<div class=\"wp-block-cb-slide\">\n<figure class=\"wp-block-image size-full\"><img loading=\"lazy\" decoding=\"async\" width=\"1000\" height=\"750\" src=\"http:\/\/petitsbouchonsbordeaux.fr\/wp-content\/uploads\/2022\/11\/creche-des-petits-bouchons-bordeaux-DSC02966.jpg\" alt=\"creche des petits-bouchons bordeaux\" class=\"wp-image-6420\" srcset=\"http:\/\/petitsbouchonsbordeaux.fr\/wp-content\/uploads\/2022\/11\/creche-des-petits-bouchons-bordeaux-DSC02966.jpg 1000w, http:\/\/petitsbouchonsbordeaux.fr\/wp-content\/uploads\/2022\/11\/creche-des-petits-bouchons-bordeaux-DSC02966-300x225.jpg 300w, http:\/\/petitsbouchonsbordeaux.fr\/wp-content\/uploads\/2022\/11\/creche-des-petits-bouchons-bordeaux-DSC02966-768x576.jpg 768w, http:\/\/petitsbouchonsbordeaux.fr\/wp-content\/uploads\/2022\/11\/creche-des-petits-bouchons-bordeaux-DSC02966-628x471.jpg 628w\" sizes=\"auto, (max-width: 1000px) 100vw, 1000px\" \/><\/figure>\n<\/div>\n\n\n\n<div class=\"wp-block-cb-slide\">\n<figure class=\"wp-block-image size-full\"><img loading=\"lazy\" decoding=\"async\" width=\"1000\" height=\"750\" src=\"http:\/\/petitsbouchonsbordeaux.fr\/wp-content\/uploads\/2022\/11\/creche-des-petits-bouchons-bordeaux-DSC02967.jpg\" alt=\"creche des petits-bouchons bordeaux\" class=\"wp-image-6421\" srcset=\"http:\/\/petitsbouchonsbordeaux.fr\/wp-content\/uploads\/2022\/11\/creche-des-petits-bouchons-bordeaux-DSC02967.jpg 1000w, http:\/\/petitsbouchonsbordeaux.fr\/wp-content\/uploads\/2022\/11\/creche-des-petits-bouchons-bordeaux-DSC02967-300x225.jpg 300w, http:\/\/petitsbouchonsbordeaux.fr\/wp-content\/uploads\/2022\/11\/creche-des-petits-bouchons-bordeaux-DSC02967-768x576.jpg 768w, http:\/\/petitsbouchonsbordeaux.fr\/wp-content\/uploads\/2022\/11\/creche-des-petits-bouchons-bordeaux-DSC02967-628x471.jpg 628w\" sizes=\"auto, (max-width: 1000px) 100vw, 1000px\" \/><\/figure>\n<\/div>\n\n\n\n<div class=\"wp-block-cb-slide\">\n<figure class=\"wp-block-image size-full\"><img loading=\"lazy\" decoding=\"async\" width=\"1000\" height=\"750\" src=\"http:\/\/petitsbouchonsbordeaux.fr\/wp-content\/uploads\/2022\/11\/creche-des-petits-bouchons-bordeaux-DSC02968.jpg\" alt=\"creche des petits-bouchons bordeaux\" class=\"wp-image-6422\" srcset=\"http:\/\/petitsbouchonsbordeaux.fr\/wp-content\/uploads\/2022\/11\/creche-des-petits-bouchons-bordeaux-DSC02968.jpg 1000w, http:\/\/petitsbouchonsbordeaux.fr\/wp-content\/uploads\/2022\/11\/creche-des-petits-bouchons-bordeaux-DSC02968-300x225.jpg 300w, http:\/\/petitsbouchonsbordeaux.fr\/wp-content\/uploads\/2022\/11\/creche-des-petits-bouchons-bordeaux-DSC02968-768x576.jpg 768w, http:\/\/petitsbouchonsbordeaux.fr\/wp-content\/uploads\/2022\/11\/creche-des-petits-bouchons-bordeaux-DSC02968-628x471.jpg 628w\" sizes=\"auto, (max-width: 1000px) 100vw, 1000px\" \/><\/figure>\n<\/div>\n\n\n\n<div class=\"wp-block-cb-slide\">\n<figure class=\"wp-block-image size-full\"><img loading=\"lazy\" decoding=\"async\" width=\"1000\" height=\"750\" src=\"http:\/\/petitsbouchonsbordeaux.fr\/wp-content\/uploads\/2022\/11\/creche-des-petits-bouchons-bordeaux-DSC02977.jpg\" alt=\"creche des petits-bouchons bordeaux\" class=\"wp-image-6423\" srcset=\"http:\/\/petitsbouchonsbordeaux.fr\/wp-content\/uploads\/2022\/11\/creche-des-petits-bouchons-bordeaux-DSC02977.jpg 1000w, http:\/\/petitsbouchonsbordeaux.fr\/wp-content\/uploads\/2022\/11\/creche-des-petits-bouchons-bordeaux-DSC02977-300x225.jpg 300w, http:\/\/petitsbouchonsbordeaux.fr\/wp-content\/uploads\/2022\/11\/creche-des-petits-bouchons-bordeaux-DSC02977-768x576.jpg 768w, http:\/\/petitsbouchonsbordeaux.fr\/wp-content\/uploads\/2022\/11\/creche-des-petits-bouchons-bordeaux-DSC02977-628x471.jpg 628w\" sizes=\"auto, (max-width: 1000px) 100vw, 1000px\" \/><\/figure>\n<\/div>\n\n\n\n<div class=\"wp-block-cb-slide\">\n<figure class=\"wp-block-image size-full\"><img loading=\"lazy\" decoding=\"async\" width=\"1000\" height=\"750\" src=\"http:\/\/petitsbouchonsbordeaux.fr\/wp-content\/uploads\/2022\/11\/creche-des-petits-bouchons-bordeaux-DSC02978.jpg\" alt=\"creche des petits-bouchons bordeaux\" class=\"wp-image-6424\" srcset=\"http:\/\/petitsbouchonsbordeaux.fr\/wp-content\/uploads\/2022\/11\/creche-des-petits-bouchons-bordeaux-DSC02978.jpg 1000w, http:\/\/petitsbouchonsbordeaux.fr\/wp-content\/uploads\/2022\/11\/creche-des-petits-bouchons-bordeaux-DSC02978-300x225.jpg 300w, http:\/\/petitsbouchonsbordeaux.fr\/wp-content\/uploads\/2022\/11\/creche-des-petits-bouchons-bordeaux-DSC02978-768x576.jpg 768w, http:\/\/petitsbouchonsbordeaux.fr\/wp-content\/uploads\/2022\/11\/creche-des-petits-bouchons-bordeaux-DSC02978-628x471.jpg 628w\" sizes=\"auto, (max-width: 1000px) 100vw, 1000px\" \/><\/figure>\n<\/div>\n\n\n\n<div class=\"wp-block-cb-slide\">\n<figure class=\"wp-block-image size-full\"><img loading=\"lazy\" decoding=\"async\" width=\"1000\" height=\"750\" src=\"http:\/\/petitsbouchonsbordeaux.fr\/wp-content\/uploads\/2022\/11\/creche-des-petits-bouchons-bordeaux-DSC02979.jpg\" alt=\"creche des petits-bouchons bordeaux\" class=\"wp-image-6425\" srcset=\"http:\/\/petitsbouchonsbordeaux.fr\/wp-content\/uploads\/2022\/11\/creche-des-petits-bouchons-bordeaux-DSC02979.jpg 1000w, http:\/\/petitsbouchonsbordeaux.fr\/wp-content\/uploads\/2022\/11\/creche-des-petits-bouchons-bordeaux-DSC02979-300x225.jpg 300w, http:\/\/petitsbouchonsbordeaux.fr\/wp-content\/uploads\/2022\/11\/creche-des-petits-bouchons-bordeaux-DSC02979-768x576.jpg 768w, http:\/\/petitsbouchonsbordeaux.fr\/wp-content\/uploads\/2022\/11\/creche-des-petits-bouchons-bordeaux-DSC02979-628x471.jpg 628w\" sizes=\"auto, (max-width: 1000px) 100vw, 1000px\" \/><\/figure>\n<\/div>\n\n\n\n<div class=\"wp-block-cb-slide\">\n<figure class=\"wp-block-image size-full\"><img loading=\"lazy\" decoding=\"async\" width=\"1000\" height=\"750\" src=\"http:\/\/petitsbouchonsbordeaux.fr\/wp-content\/uploads\/2022\/11\/creche-des-petits-bouchons-bordeaux-DSC02980.jpg\" alt=\"creche des petits-bouchons bordeaux\" class=\"wp-image-6426\" srcset=\"http:\/\/petitsbouchonsbordeaux.fr\/wp-content\/uploads\/2022\/11\/creche-des-petits-bouchons-bordeaux-DSC02980.jpg 1000w, http:\/\/petitsbouchonsbordeaux.fr\/wp-content\/uploads\/2022\/11\/creche-des-petits-bouchons-bordeaux-DSC02980-300x225.jpg 300w, http:\/\/petitsbouchonsbordeaux.fr\/wp-content\/uploads\/2022\/11\/creche-des-petits-bouchons-bordeaux-DSC02980-768x576.jpg 768w, http:\/\/petitsbouchonsbordeaux.fr\/wp-content\/uploads\/2022\/11\/creche-des-petits-bouchons-bordeaux-DSC02980-628x471.jpg 628w\" sizes=\"auto, (max-width: 1000px) 100vw, 1000px\" \/><\/figure>\n<\/div>\n<\/div>\n\n\n\n<div style=\"height:40px\" aria-hidden=\"true\" class=\"wp-block-spacer\"><\/div>\n\n\n<h1 style=\"text-align: center;\">CRECHE PETITS BOUCHONS BORDEAUX<\/h1>\n<\/p>\n<p style=\"text-align: center;\">Notre \u00e9quipe de 20 professionnels accueille les enfants de 2 mois et demi \u00e0 quatre ans et garantit une p\u00e9dagogie de qualit\u00e9 \u00e0 travers les activit\u00e9s mises en place pour assurer le bien-\u00eatre et l\u2019\u00e9panouissement en toute s\u00e9curit\u00e9 de votre enfant.<\/p>\n<p style=\"text-align: center;\">Disposant de tous les espaces n\u00e9cessaires pour favoriser l\u2019\u00e9veil des plus petits comme des plus grands : grande salle de motricit\u00e9, salle de changes, dortoirs, coin b\u00e9b\u00e9s, cour ext\u00e9rieure \u2026 Votre enfant adorera \u00e9voluer au sein des \u00ab Petits Bouchons\u00bb !<\/p>\n<p style=\"text-align: center;\">Pour r\u00e9pondre au plus pr\u00e8s des besoins de chaque enfant au sein de la collectivit\u00e9, la cr\u00e8che Petits Bouchons, situ\u00e9e en plein centre ville de Bordeaux, est ouverte de 7h30 \u00e0 18h30, et comprend trois sections organis\u00e9es en fonction des \u00e2ges.<\/p>\n<\/p>\n<p style=\"text-align: center;\"><a href=\"https:\/\/petitsbouchonsbordeaux.fr\/wp-content\/uploads\/2022\/09\/A2-charte-parentalite-web.pdf\"><strong>Charte nationale de soutien \u00e0 la parentalit\u00e9<\/strong><\/a><\/p>\n<p style=\"text-align: center;\"><strong><a href=\"https:\/\/petitsbouchonsbordeaux.fr\/wp-content\/uploads\/2022\/09\/affiche_a2_-_la_charte_nationale_d_accueil_du_jeune_enfant.pdf.pdf\">Charte nationale d&#8217;accueil du jeune enfant<\/a><\/strong><\/p>\n\n\n<figure><\/figure>\n","protected":false},"excerpt":{"rendered":"<p>CRECHE PETITS BOUCHONS BORDEAUX Notre \u00e9quipe de 20 professionnels accueille les enfants de 2 mois et demi \u00e0 quatre ans et garantit une p\u00e9dagogie de qualit\u00e9 \u00e0 travers les activit\u00e9s mises en place pour assurer le bien-\u00eatre et l\u2019\u00e9panouissement en toute s\u00e9curit\u00e9 de votre enfant. Disposant de tous les espaces n\u00e9cessaires pour favoriser l\u2019\u00e9veil des plus petits comme des plus grands : grande salle<\/p>\n<p><a class=\"cta\" href=\"http:\/\/petitsbouchonsbordeaux.fr\/\">Learn more<\/a><\/p>\n","protected":false},"author":1,"featured_media":0,"parent":0,"menu_order":0,"comment_status":"closed","ping_status":"closed","template":"page-home.php","meta":{"footnotes":""},"class_list":["post-154","page","type-page","status-publish","hentry"],"_links":{"self":[{"href":"http:\/\/petitsbouchonsbordeaux.fr\/index.php\/wp-json\/wp\/v2\/pages\/154","targetHints":{"allow":["GET"]}}],"collection":[{"href":"http:\/\/petitsbouchonsbordeaux.fr\/index.php\/wp-json\/wp\/v2\/pages"}],"about":[{"href":"http:\/\/petitsbouchonsbordeaux.fr\/index.php\/wp-json\/wp\/v2\/types\/page"}],"author":[{"embeddable":true,"href":"http:\/\/petitsbouchonsbordeaux.fr\/index.php\/wp-json\/wp\/v2\/users\/1"}],"replies":[{"embeddable":true,"href":"http:\/\/petitsbouchonsbordeaux.fr\/index.php\/wp-json\/wp\/v2\/comments?post=154"}],"version-history":[{"count":35,"href":"http:\/\/petitsbouchonsbordeaux.fr\/index.php\/wp-json\/wp\/v2\/pages\/154\/revisions"}],"predecessor-version":[{"id":7049,"href":"http:\/\/petitsbouchonsbordeaux.fr\/index.php\/wp-json\/wp\/v2\/pages\/154\/revisions\/7049"}],"wp:attachment":[{"href":"http:\/\/petitsbouchonsbordeaux.fr\/index.php\/wp-json\/wp\/v2\/media?parent=154"}],"curies":[{"name":"wp","href":"https:\/\/api.w.org\/{rel}","templated":true}]}}