{"id":138,"date":"2017-05-03T14:51:43","date_gmt":"2017-05-03T12:51:43","guid":{"rendered":"https:\/\/petitsbouchonsbordeaux.fr\/?page_id=138"},"modified":"2019-01-03T13:30:45","modified_gmt":"2019-01-03T12:30:45","slug":"la-section-des-moyens-les-bambis","status":"publish","type":"page","link":"http:\/\/petitsbouchonsbordeaux.fr\/index.php\/la-section-des-moyens-les-bambis\/","title":{"rendered":"Les sections des Moyens &#8211; Les Bambis et des Grands &#8211; les Papillons"},"content":{"rendered":"<p>A l\u2019accueil du matin, vous nous parlez de votre enfant ; et nous notons toutes les informations. Prenez le temps de lui dire que vous nous le confiez. Ce temps de \u00ab passation \u00bb est important et doit se vivre sereinement.<\/p>\n<ul>\n<li><strong>Matin :<\/strong><br \/>\nChez les Bambis, des siestes peuvent \u00eatre propos\u00e9es selon les besoins et les circonstances, surtout en d\u00e9but d\u2019ann\u00e9e pour les plus jeunes. Pour les autres, comme pour les Papillons, des activit\u00e9s et des jeux sont propos\u00e9s vers 9h\/9h30.<br \/>\nLa section est re-dessin\u00e9e = chaque pi\u00e8ce \u00e0 un double emploi : r\u00e9fectoire, dortoir, salle de vie sont transform\u00e9s en pi\u00e8ces d\u2019activit\u00e9s ou de jeux particuliers. Ceux-ci sont propos\u00e9s, non impos\u00e9s !<br \/>\nChaque enfant choisit lui-m\u00eame, il n\u2019y a pas d\u2019obligation de r\u00e9sultat. C\u2019est le plaisir seul qui motive l\u2019enfant. Il peut aussi simplement aller et venir, dans une d\u00e9ambulation exploratrice car il est aussi important de laisser l\u2019enfant \u00ab s\u2019ennuyer \u00bb. C\u2019est une \u00e9tape capitale dans sa construction qui lui permet de d\u00e9velopper son imaginaire.<br \/>\nDans cette tranche d\u2019\u00e2ge, Bambis\/Papillons, appara\u00eet le besoin imp\u00e9rieux de motricit\u00e9.<br \/>\nDe l\u00e0, d\u00e9coulent des propositions pour aller se d\u00e9fouler. Nous les amenons au DOJO, une grande salle qui rec\u00e8le une piscine \u00e0 balle, des camions, des cerceaux, des rubans pour danser, plein d\u2019espace s\u00e9cure pour courir, rouler\u2026 et aussi des petits coins de d\u00e9tente pour lire, chanter ou se pr\u00e9lasser.<br \/>\nEt lorsque le temps le permet, nous utilisons la cour de l\u2019\u00e9cole, \u00e0 heures choisies, o\u00f9 nous en sommes les seuls utilisateurs.<\/li>\n<\/ul>\n<p>&nbsp;<\/p>\n<ul>\n<li><strong>Le repas : Il est 11h.<\/strong><br \/>\nUn peu avant, un rituel pr\u00e9pare les enfants au repas : un temps calme pour \u00e9couter des histoires, ou au contraire des danses effr\u00e9n\u00e9es pour se d\u00e9fouler, ou bien une chanson. Les rituels sont adapt\u00e9s aux enfants, \u00e0 leur forme du jour, \u00e0 leur humeur.<br \/>\nLe plateau repas : C\u2019est un outil p\u00e9dagogique qui aidera chaque enfant \u00e0 manger en fonction de ses go\u00fbts, de ses besoins et \u00e0 vivre le repas comme un moment agr\u00e9able. C\u2019est aussi une des nombreuses voies vers l\u2019autonomie.<\/li>\n<\/ul>\n<p>&nbsp;<\/p>\n<ul>\n<li><strong>L\u2019apr\u00e8s midi<\/strong><br \/>\nPuis \u00e0 nouveau un temps de sommeil.<br \/>\nVient ensuite le temps du go\u00fbter au cours duquel sont propos\u00e9s des yaourts et des compotes, des c\u00e9r\u00e9ales, des fruits en morceaux\u2026<\/li>\n<\/ul>\n<p>Arrive le soir, les d\u00e9parts et les transmissions. Nous essayons de retranscrire au mieux la journ\u00e9e de votre enfant ainsi que les anecdotes qui peuvent illustrer sa journ\u00e9e.<\/p>\n","protected":false},"excerpt":{"rendered":"<p>A l\u2019accueil du matin, vous nous parlez de votre enfant ; et nous notons toutes les informations. Prenez le temps de lui dire que vous nous le confiez. Ce temps de \u00ab passation \u00bb est important et doit se vivre sereinement. Matin : Chez les Bambis, des siestes peuvent \u00eatre propos\u00e9es selon les besoins et les circonstances, surtout en d\u00e9but d\u2019ann\u00e9e pour les plus<\/p>\n<p><a class=\"cta\" href=\"http:\/\/petitsbouchonsbordeaux.fr\/index.php\/la-section-des-moyens-les-bambis\/\">Learn more<\/a><\/p>\n","protected":false},"author":1,"featured_media":0,"parent":0,"menu_order":0,"comment_status":"closed","ping_status":"closed","template":"","meta":{"footnotes":""},"class_list":["post-138","page","type-page","status-publish","hentry"],"_links":{"self":[{"href":"http:\/\/petitsbouchonsbordeaux.fr\/index.php\/wp-json\/wp\/v2\/pages\/138","targetHints":{"allow":["GET"]}}],"collection":[{"href":"http:\/\/petitsbouchonsbordeaux.fr\/index.php\/wp-json\/wp\/v2\/pages"}],"about":[{"href":"http:\/\/petitsbouchonsbordeaux.fr\/index.php\/wp-json\/wp\/v2\/types\/page"}],"author":[{"embeddable":true,"href":"http:\/\/petitsbouchonsbordeaux.fr\/index.php\/wp-json\/wp\/v2\/users\/1"}],"replies":[{"embeddable":true,"href":"http:\/\/petitsbouchonsbordeaux.fr\/index.php\/wp-json\/wp\/v2\/comments?post=138"}],"version-history":[{"count":3,"href":"http:\/\/petitsbouchonsbordeaux.fr\/index.php\/wp-json\/wp\/v2\/pages\/138\/revisions"}],"predecessor-version":[{"id":1917,"href":"http:\/\/petitsbouchonsbordeaux.fr\/index.php\/wp-json\/wp\/v2\/pages\/138\/revisions\/1917"}],"wp:attachment":[{"href":"http:\/\/petitsbouchonsbordeaux.fr\/index.php\/wp-json\/wp\/v2\/media?parent=138"}],"curies":[{"name":"wp","href":"https:\/\/api.w.org\/{rel}","templated":true}]}}