{"id":113,"date":"2017-04-27T16:19:25","date_gmt":"2017-04-27T14:19:25","guid":{"rendered":"https:\/\/petitsbouchonsbordeaux.fr\/?page_id=113"},"modified":"2019-01-03T13:30:15","modified_gmt":"2019-01-03T12:30:15","slug":"la-periode-dadaptation","status":"publish","type":"page","link":"http:\/\/petitsbouchonsbordeaux.fr\/index.php\/la-periode-dadaptation\/","title":{"rendered":"La p\u00e9riode d&#8217;adaptation"},"content":{"rendered":"<p>Avant d\u2019accueillir quotidiennement un enfant et sa famille, l\u2019\u00e9quipe planifie une p\u00e9riode d\u2019adaptation pour \u00e9viter une rupture brutale \u00e0 l\u2019ensemble de la famille. Cette \u00e9tape est une transition, elle permet de faire face \u00e0 l\u2019angoisse de s\u00e9paration.<\/p>\n<p>La p\u00e9riode d\u2019adaptation dure environ une semaine et&nbsp;permet de faire mutuellement connaissance, de d\u00e9couvrir un nouvel environnement, de cr\u00e9er progressivement une relation de confiance.<\/p>\n<p>L\u2019espace est am\u00e9nag\u00e9 de telle fa\u00e7on \u00e0 pouvoir accueillir de mani\u00e8re privil\u00e9gi\u00e9e l\u2019enfant et sa famille.<\/p>\n<p>Les \u00e9changes pendant la p\u00e9riode d\u2019adaptation sont n\u00e9cessaires pour la prise en charge et la continuit\u00e9 de l\u2019accueil de l\u2019enfant. Ils constituent un passage de relai afin de construire un climat de confiance entre la famille et la cr\u00e8che. Progressivement, l\u2019\u00e9quipe propose \u00e0 l\u2019enfant de rester seul \u00e0 la cr\u00e8che&nbsp;: d\u2019abord un petit temps puis un repas pour finir par une petite journ\u00e9e.<\/p>\n<p>G\u00e9n\u00e9ralement, la semaine d\u2019adaptation se d\u00e9roule de la mani\u00e8re suivante&nbsp;:<\/p>\n<ul>\n<li>La premi\u00e8re journ\u00e9e dure 1h environ avec la pr\u00e9sence des parents.<\/li>\n<li>La seconde journ\u00e9e dure environ 1h30,&nbsp; toujours en pr\u00e9sence des parents.<\/li>\n<li>La troisi\u00e8me journ\u00e9e dure environ 2h&nbsp;: les parents confient leur enfant \u00e0 la cr\u00e8che (environ 1h) puis reviennent et partagent un moment avec lui et sa r\u00e9f\u00e9rente.<\/li>\n<li>La quatri\u00e8me journ\u00e9e dure environ 3h sans la pr\u00e9sence des parents. L\u2019enfant prend son premier repas \u00e0 la cr\u00e8che et m\u00eame parfois un temps de sommeil.<\/li>\n<li>La cinqui\u00e8me et derni\u00e8re journ\u00e9e dure environ 6h sans la pr\u00e9sence des parents. Un temps de repas et de sommeil sont propos\u00e9s \u00e0 l\u2019enfant.<\/li>\n<\/ul>\n<p>Cette p\u00e9riode d\u2019adaptation n\u2019est pas fig\u00e9e. Nous tenons compte des besoins des enfants et de la famille.<\/p>\n<p>L\u2019enfant a le droit d\u2019exprimer sa peur ou sa tristesse face \u00e0 la s\u00e9paration.&nbsp; Les \u00e9quipes accompagnent les familles dans cette \u00e9tape et leur parle du &nbsp;\u00ab&nbsp;doudou&nbsp;\u00bb ou objet transitionnel afin de faciliter cette s\u00e9paration. L\u2019enfant am\u00e8ne \u00ab&nbsp;un petit bout de sa maison&nbsp;\u00bb \u00e0 la cr\u00e8che qui lui fournit ainsi un rep\u00e8re affectif.<\/p>\n<p>Quand il est b\u00e9b\u00e9, ce sont les parents qui tentent de rep\u00e9rer un objet familier&nbsp;: t\u00e9tine, tissu ou peluche que l\u2019enfant investit&nbsp;; en grandissant, l\u2019enfant peut lui-m\u00eame exprimer son choix. Ce doudou est unique pour l\u2019enfant et lui sert de transition entre la maison et la cr\u00e8che.<\/p>\n<p>A la cr\u00e8che, il est toujours \u00e0 disposition, \u00e0 l\u2019int\u00e9rieur comme \u00e0 l\u2019ext\u00e9rieur. Peu \u00e0 peu et \u00e0 son propre rythme, l\u2019enfant apprend \u00e0 le g\u00e9rer de fa\u00e7on autonome.<\/p>\n<p>Lors de la p\u00e9riode d\u2019adaptation, il est important que les parents puissent \u00e9changer autour de cet objet transitionnel avec le professionnel.<\/p>\n","protected":false},"excerpt":{"rendered":"<p>Avant d\u2019accueillir quotidiennement un enfant et sa famille, l\u2019\u00e9quipe planifie une p\u00e9riode d\u2019adaptation pour \u00e9viter une rupture brutale \u00e0 l\u2019ensemble de la famille. Cette \u00e9tape est une transition, elle permet de faire face \u00e0 l\u2019angoisse de s\u00e9paration. La p\u00e9riode d\u2019adaptation dure environ une semaine et&nbsp;permet de faire mutuellement connaissance, de d\u00e9couvrir un nouvel environnement, de cr\u00e9er progressivement une relation de confiance. L\u2019espace est am\u00e9nag\u00e9<\/p>\n<p><a class=\"cta\" href=\"http:\/\/petitsbouchonsbordeaux.fr\/index.php\/la-periode-dadaptation\/\">Learn more<\/a><\/p>\n","protected":false},"author":1,"featured_media":0,"parent":0,"menu_order":0,"comment_status":"closed","ping_status":"closed","template":"","meta":{"footnotes":""},"class_list":["post-113","page","type-page","status-publish","hentry"],"_links":{"self":[{"href":"http:\/\/petitsbouchonsbordeaux.fr\/index.php\/wp-json\/wp\/v2\/pages\/113","targetHints":{"allow":["GET"]}}],"collection":[{"href":"http:\/\/petitsbouchonsbordeaux.fr\/index.php\/wp-json\/wp\/v2\/pages"}],"about":[{"href":"http:\/\/petitsbouchonsbordeaux.fr\/index.php\/wp-json\/wp\/v2\/types\/page"}],"author":[{"embeddable":true,"href":"http:\/\/petitsbouchonsbordeaux.fr\/index.php\/wp-json\/wp\/v2\/users\/1"}],"replies":[{"embeddable":true,"href":"http:\/\/petitsbouchonsbordeaux.fr\/index.php\/wp-json\/wp\/v2\/comments?post=113"}],"version-history":[{"count":5,"href":"http:\/\/petitsbouchonsbordeaux.fr\/index.php\/wp-json\/wp\/v2\/pages\/113\/revisions"}],"predecessor-version":[{"id":1912,"href":"http:\/\/petitsbouchonsbordeaux.fr\/index.php\/wp-json\/wp\/v2\/pages\/113\/revisions\/1912"}],"wp:attachment":[{"href":"http:\/\/petitsbouchonsbordeaux.fr\/index.php\/wp-json\/wp\/v2\/media?parent=113"}],"curies":[{"name":"wp","href":"https:\/\/api.w.org\/{rel}","templated":true}]}}