{"id":107,"date":"2017-04-27T16:06:17","date_gmt":"2017-04-27T14:06:17","guid":{"rendered":"https:\/\/petitsbouchonsbordeaux.fr\/?page_id=107"},"modified":"2019-01-03T13:37:42","modified_gmt":"2019-01-03T12:37:42","slug":"nous-trouver","status":"publish","type":"page","link":"http:\/\/petitsbouchonsbordeaux.fr\/index.php\/nous-trouver\/","title":{"rendered":"Nous trouver"},"content":{"rendered":"<p><a href=\"https:\/\/www.google.fr\/maps\/place\/Petits+Bouchons\/@44.8368565,-0.5792389,18z\/data=!4m5!3m4!1s0xd5527c47ad3fa77:0x39ee04c7f9034ba9!8m2!3d44.8368945!4d-0.5771789?hl=fr-FR\"><iframe loading=\"lazy\" style=\"border: 0;\" src=\"https:\/\/www.google.com\/maps\/embed?pb=!1m14!1m8!1m3!1d1414.6246415411338!2d-0.579238885705573!3d44.8368564599951!3m2!1i1024!2i768!4f13.1!3m3!1m2!1s0xd5527c47ad3fa77%3A0x39ee04c7f9034ba9!2sPetits+Bouchons!5e0!3m2!1sfr!2sfr!4v1493305725820\" width=\"600\" height=\"450\" frameborder=\"0\" allowfullscreen=\"allowfullscreen\"><\/iframe><\/a><\/p>\n<p>Situ\u00e9e au coeur de Bordeaux, la cr\u00e8che Petits Bouchons est accessible en tramway A ou B (arr\u00eat Hotel de Ville).<br \/>\nIl est \u00e9galement possible de d\u00e9poser les enfants en voiture en acc\u00e9dant \u00e0 la rue des Palanques et \u00e0 l&#8217;impasse Birouette (entr\u00e9e des b\u00e9b\u00e9s) par la rue du H\u00e2, et ce uniquement de 7h \u00e0 11h. Au del\u00e0 de ces horaires, vous n&#8217;aurez plus la possibilit\u00e9 d\u2019acc\u00e9der en voiture.<\/p>\n","protected":false},"excerpt":{"rendered":"<p>Situ\u00e9e au coeur de Bordeaux, la cr\u00e8che Petits Bouchons est accessible en tramway A ou B (arr\u00eat Hotel de Ville). Il est \u00e9galement possible de d\u00e9poser les enfants en voiture en acc\u00e9dant \u00e0 la rue des Palanques et \u00e0 l&#8217;impasse Birouette (entr\u00e9e des b\u00e9b\u00e9s) par la rue du H\u00e2, et ce uniquement de 7h \u00e0 11h. Au del\u00e0 de ces horaires, vous n&#8217;aurez plus<\/p>\n<p><a class=\"cta\" href=\"http:\/\/petitsbouchonsbordeaux.fr\/index.php\/nous-trouver\/\">Learn more<\/a><\/p>\n","protected":false},"author":1,"featured_media":0,"parent":0,"menu_order":0,"comment_status":"closed","ping_status":"closed","template":"","meta":{"footnotes":""},"class_list":["post-107","page","type-page","status-publish","hentry"],"_links":{"self":[{"href":"http:\/\/petitsbouchonsbordeaux.fr\/index.php\/wp-json\/wp\/v2\/pages\/107","targetHints":{"allow":["GET"]}}],"collection":[{"href":"http:\/\/petitsbouchonsbordeaux.fr\/index.php\/wp-json\/wp\/v2\/pages"}],"about":[{"href":"http:\/\/petitsbouchonsbordeaux.fr\/index.php\/wp-json\/wp\/v2\/types\/page"}],"author":[{"embeddable":true,"href":"http:\/\/petitsbouchonsbordeaux.fr\/index.php\/wp-json\/wp\/v2\/users\/1"}],"replies":[{"embeddable":true,"href":"http:\/\/petitsbouchonsbordeaux.fr\/index.php\/wp-json\/wp\/v2\/comments?post=107"}],"version-history":[{"count":5,"href":"http:\/\/petitsbouchonsbordeaux.fr\/index.php\/wp-json\/wp\/v2\/pages\/107\/revisions"}],"predecessor-version":[{"id":1945,"href":"http:\/\/petitsbouchonsbordeaux.fr\/index.php\/wp-json\/wp\/v2\/pages\/107\/revisions\/1945"}],"wp:attachment":[{"href":"http:\/\/petitsbouchonsbordeaux.fr\/index.php\/wp-json\/wp\/v2\/media?parent=107"}],"curies":[{"name":"wp","href":"https:\/\/api.w.org\/{rel}","templated":true}]}}